{"id":578,"date":"2021-09-22T05:56:56","date_gmt":"2021-09-22T03:56:56","guid":{"rendered":"https:\/\/seed.hu\/?page_id=578"},"modified":"2021-09-22T05:56:56","modified_gmt":"2021-09-22T03:56:56","slug":"adatkezelesi-tajekoztato","status":"publish","type":"page","link":"https:\/\/seed.hu\/en\/adatkezelesi-tajekoztato\/","title":{"rendered":"Adatkezel\u00e9si t\u00e1j\u00e9koztat\u00f3"},"content":{"rendered":"<div id=\"content-row\">\n<div class=\"row\">\n<div class=\"col-md-12\">\n<div class=\"region region-content\">\n<div id=\"block-system-main\" class=\"block block-system\">\n<div>\n<div id=\"node-7\" class=\"node node-page clearfix\">\n<div class=\"content\">\n<div class=\"field field-name-body field-type-text-with-summary field-label-hidden\">\n<div class=\"field-items\">\n<div class=\"field-item even\">\n<p>Nemzeti Adatv\u00e9delmi \u00e9s Inform\u00e1ci\u00f3szabads\u00e1g Hat\u00f3s\u00e1g (NAIH) nyilv\u00e1ntart\u00e1sba v\u00e9teli sz\u00e1munk:\u00a0NAIH-62149\/2013<\/p>\n<h3>Nyilatkozat a szem\u00e9lyes adatok v\u00e9delm\u00e9r\u0151l<\/h3>\n<h2>1. Regisztr\u00e1ci\u00f3 sor\u00e1n rendelkez\u00e9s\u00fcnkre bocs\u00e1tott adatok<\/h2>\n<p>Egyes szolg\u00e1ltat\u00e1saink ig\u00e9nybev\u00e9tel\u00e9hez felhaszn\u00e1l\u00f3inknak regisztr\u00e1ci\u00f3s k\u00e9rd\u0151\u00edvet kell kit\u00f6lteni\u00fck. A regisztr\u00e1ci\u00f3 sor\u00e1n keletkez\u0151 inform\u00e1ci\u00f3kat a legnagyobb k\u00f6r\u00fcltekint\u00e9ssel, szigor\u00faan bizalmasan kezelj\u00fck, azokhoz illet\u00e9ktelenek nem f\u00e9rhetnek hozz\u00e1. Az inform\u00e1ci\u00f3k megad\u00e1s\u00e1ra az\u00e9rt k\u00e9rj\u00fck felhaszn\u00e1l\u00f3inkat, hogy statisztikai adatokat nyerj\u00fcnk r\u00f3luk. Seg\u00edts\u00e9g\u00fckkel szolg\u00e1ltat\u00e1sainkat a felhaszn\u00e1l\u00f3k \u00e9rdekl\u0151d\u00e9s\u00e9nek megfelel\u0151en fejleszthetj\u00fck tov\u00e1bb. Egyes inform\u00e1ci\u00f3kat \u00f6sszes\u00edtett \u00e9s feldolgozott form\u00e1ban bizonyos partnereink rendelkez\u00e9s\u00e9re bocs\u00e1thatjuk abb\u00f3l a c\u00e9lb\u00f3l, hogy partnereink a felhaszn\u00e1l\u00f3k \u00e9rdekl\u0151d\u00e9s\u00e9nek megfelel\u0151en fejleszthess\u00e9k szolg\u00e1ltat\u00e1saikat. Egyes inform\u00e1ci\u00f3kat statisztikai form\u00e1ban nyilv\u00e1noss\u00e1gra hozhatunk annak \u00e9rdek\u00e9ben, hogy szolg\u00e1ltat\u00e1saink m\u0171k\u00f6d\u00e9s\u00e9r\u0151l t\u00e1j\u00e9koztassuk az \u00e9rdekl\u0151d\u0151ket.<\/p>\n<h2>2. A felhaszn\u00e1l\u00f3k egyedi el\u00e9r\u00e9s\u00e9re alkalmas adatok<\/h2>\n<p>A felhaszn\u00e1l\u00f3k egyedi el\u00e9r\u00e9s\u00e9re alkalmas adatokat (p\u00e9ld\u00e1ul e-mail c\u00edmeket) kiz\u00e1r\u00f3lag a felhaszn\u00e1l\u00f3 \u00e1ltal el\u0151zetesen j\u00f3v\u00e1hagyott c\u00e9lra vessz\u00fck ig\u00e9nybe, azokat a felhaszn\u00e1l\u00f3 el\u0151zetes \u00edr\u00e1sbeli enged\u00e9lye n\u00e9lk\u00fcl (a t\u00f6rv\u00e9nyben el\u0151\u00edrt kiv\u00e9telekt\u0151l eltekintve) harmadik f\u00e9l r\u00e9sz\u00e9re semmilyen k\u00f6r\u00fclm\u00e9nyek k\u00f6z\u00f6tt nem adjuk \u00e1t. Amennyiben szolg\u00e1ltat\u00e1s-k\u00edn\u00e1latunk b\u0151v\u00edt\u00e9se ezt sz\u00fcks\u00e9gess\u00e9 teszi, egyes ritka esetekben t\u00e1j\u00e9koztat\u00f3 anyagokat k\u00fcld\u00fcnk felhaszn\u00e1l\u00f3inknak. Minden ilyen esetben azonban a felhaszn\u00e1l\u00f3t el\u0151zetesen t\u00e1j\u00e9koztatjuk arr\u00f3l, hogy milyen jelleg\u0171 \u00e9s mennyis\u00e9g\u0171 k\u00fcldem\u00e9nyre sz\u00e1m\u00edthat, amennyiben az adott szolg\u00e1ltat\u00e1st ig\u00e9nybe k\u00edv\u00e1nja venni \u00e9s a felhaszn\u00e1l\u00f3 hozz\u00e1j\u00e1rul\u00e1sa eset\u00e9n rendelkez\u00e9s\u00e9re bocs\u00e1tjuk a szolg\u00e1ltat\u00e1st. Amennyiben a felhaszn\u00e1l\u00f3 nem ad kifejezett hozz\u00e1j\u00e1rul\u00e1st m\u00e1s szolg\u00e1ltat\u00e1sok sz\u00e1m\u00e1ra val\u00f3 biztos\u00edt\u00e1s\u00e1ra, \u00fagy csak \u00e9s kiz\u00e1r\u00f3lag azokat szabad sz\u00e1m\u00e1ra ny\u00fajtani, amelyekre a hozz\u00e1j\u00e1rul\u00e1sa kiterjed, \u00e9s csak addig, am\u00edg kifejezetten nem tiltakozik ellene.<\/p>\n<h2>3. A felhaszn\u00e1l\u00f3k fizikai el\u00e9r\u00e9s\u00e9re alkalmas adatok<\/h2>\n<p>A felhaszn\u00e1l\u00f3k fizikai el\u00e9r\u00e9s\u00e9re alkalmas adatokat kiz\u00e1r\u00f3lag akkor gy\u0171jt\u00fcnk, ha az adott szolg\u00e1ltat\u00e1s jellege ezt n\u00e9lk\u00fcl\u00f6zhetetlenn\u00e9 teszi (p\u00e9ld\u00e1ul \u00e9rt\u00e9kes\u00edt\u00e9s). Adatokat kiz\u00e1r\u00f3lag a felhaszn\u00e1l\u00f3 \u00e1ltal el\u0151zetesen j\u00f3v\u00e1hagyott c\u00e9lra vessz\u00fck ig\u00e9nybe, azokat (a t\u00f6rv\u00e9nyben el\u0151\u00edrt kiv\u00e9telekt\u0151l eltekintve) harmadik f\u00e9l r\u00e9sz\u00e9re semmilyen k\u00f6r\u00fclm\u00e9nyek k\u00f6z\u00f6tt nem adjuk \u00e1t.<\/p>\n<h2>4. A szervereink \u00e1ltal automatikusan napl\u00f3zott inform\u00e1ci\u00f3k<\/h2>\n<p>Szervereink automatikusan regisztr\u00e1lj\u00e1k felhaszn\u00e1l\u00f3ink IP-c\u00edm\u00e9t, az \u00e1ltaluk haszn\u00e1lt oper\u00e1ci\u00f3s rendszer \u00e9s b\u00f6ng\u00e9sz\u0151program t\u00edpus\u00e1t \u00e9s n\u00e9h\u00e1ny m\u00e1s inform\u00e1ci\u00f3t. Ezeket az inform\u00e1ci\u00f3kat kiz\u00e1r\u00f3lag \u00f6sszes\u00edtett \u00e9s feldolgozott (aggreg\u00e1lt) form\u00e1ban hasznos\u00edtjuk, szolg\u00e1ltat\u00e1saink esetleges hib\u00e1inak kijav\u00edt\u00e1sa, min\u0151s\u00e9g\u00fck jav\u00edt\u00e1sa \u00e9rdek\u00e9ben \u00e9s statisztikai c\u00e9lokra. Ezen adatokat a felhaszn\u00e1l\u00f3k \u00e1ltal megadott egy\u00e9b adatokkal semmilyen form\u00e1ban nem kapcsoljuk \u00f6ssze.<\/p>\n<h2>5. Cookie-k<\/h2>\n<p>Egyes szolg\u00e1ltat\u00e1saink egyedi azonos\u00edt\u00f3t, \u00fagynevezett cookie-t helyeznek el felhaszn\u00e1l\u00f3ink sz\u00e1m\u00edt\u00f3g\u00e9p\u00e9n. A cookie-k kiz\u00e1r\u00f3lag a felhaszn\u00e1l\u00f3k azonos\u00edt\u00e1s\u00e1nak megk\u00f6nny\u00edt\u00e9s\u00e9t \u00e9s megszem\u00e9lyes\u00edt\u00e9si szolg\u00e1ltat\u00e1saink m\u0171k\u00f6d\u00e9s\u00e9t szolg\u00e1lj\u00e1k, m\u00e1s c\u00e9lra nem vessz\u00fck \u0151ket ig\u00e9nybe. A cookie-fogad\u00e1s felhaszn\u00e1l\u00f3i tilt\u00e1sa szolg\u00e1ltat\u00e1saink ig\u00e9nybev\u00e9tel\u00e9nek nem akad\u00e1lya, azonban az oldal megszem\u00e9lyes\u00edtett lehet\u0151s\u00e9geit ig\u00e9nybe venni, \u00e9s a regisztr\u00e1ci\u00f3hoz k\u00f6t\u00f6tt tartalmakat megtekinteni technol\u00f3giai okok miatt csak cookie-t fogad\u00f3 sz\u00e1m\u00edt\u00f3g\u00e9pr\u0151l lehets\u00e9ges.<\/p>\n<h2>6. Nyilv\u00e1nos kommunik\u00e1ci\u00f3s lehet\u0151s\u00e9gek<\/h2>\n<p>A szolg\u00e1ltat\u00e1saink r\u00e9sz\u00e9t k\u00e9pez\u0151 nyilv\u00e1nos kommunik\u00e1ci\u00f3s csatorn\u00e1kat minden felhaszn\u00e1l\u00f3nk saj\u00e1t felel\u0151ss\u00e9g\u00e9re veszi ig\u00e9nybe. A k\u00fcl\u00f6nb\u00f6z\u0151 hozz\u00e1sz\u00f3l\u00e1sok szerz\u0151i joga adott felhaszn\u00e1l\u00f3t illeti, ugyanakkor SEED Alap\u00edtv\u00e1ny \u00e9s t\u00e1rsas h\u00e1l\u00f3zatai (Facebook, Twitter, stb&#8230;) jogosult azokb\u00f3l korl\u00e1toz\u00e1s n\u00e9lk\u00fcl id\u00e9zni, illetve azokat sokszoros\u00edtani. A hozz\u00e1sz\u00f3l\u00e1sok harmadik f\u00e9l \u00e1ltal csak szem\u00e9lyes haszn\u00e1latra nyomtathat\u00f3k, t\u00f6lthet\u0151ek le, illetve terjeszthet\u0151k, \u00e9s kiz\u00e1r\u00f3lag a SEED Alap\u00edtv\u00e1ny mindenkori \u00fcgyvezet\u0151 igazgat\u00f3j\u00e1nak\u00a0\u00edr\u00e1sbeli hozz\u00e1j\u00e1rul\u00e1s\u00e1val lehet \u0151ket felhaszn\u00e1lni. Felh\u00edvjuk felhaszn\u00e1l\u00f3ink figyelm\u00e9t, hogy a nyilv\u00e1nos kommunik\u00e1ci\u00f3s csatorn\u00e1kon megjelen\u0151 hozz\u00e1sz\u00f3l\u00e1sokra, a nyilv\u00e1nos k\u00f6zl\u00e9sekre \u00e9rv\u00e9nyes k\u00fcl\u00f6nb\u00f6z\u0151 jogszab\u00e1lyok az ir\u00e1nyad\u00f3ak (1986. \u00e9vi II. t\u00f6rv\u00e9ny, 1978. \u00e9vi IV. t\u00f6rv\u00e9ny).<\/p>\n<h2>7. Linkek<\/h2>\n<p>Szolg\u00e1ltat\u00e1saink sz\u00e1mos olyan kapcsol\u00f3d\u00e1si pontot pl. t\u00e1mogat\u00f3k, partnerek stb. (linket) tartalmaznak, amelyek m\u00e1s szolg\u00e1ltat\u00f3k oldalaira vezetnek. Ezen szolg\u00e1ltat\u00f3k adat- \u00e9s inform\u00e1ci\u00f3v\u00e9delmi gyakorlat\u00e1\u00e9rt a SEED Alap\u00edtv\u00e1ny nem v\u00e1llal felel\u0151ss\u00e9get.<\/p>\n<\/div>\n<\/div>\n<\/div>\n<\/div>\n<\/div>\n<\/div>\n<\/div>\n<\/div>\n<\/div>\n<\/div>\n<\/div>\n","protected":false},"excerpt":{"rendered":"<p>Nemzeti Adatv\u00e9delmi \u00e9s Inform\u00e1ci\u00f3szabads\u00e1g Hat\u00f3s\u00e1g (NAIH) nyilv\u00e1ntart\u00e1sba v\u00e9teli sz\u00e1munk:\u00a0NAIH-62149\/2013 Nyilatkozat a szem\u00e9lyes adatok v\u00e9delm\u00e9r\u0151l 1. Regisztr\u00e1ci\u00f3 sor\u00e1n rendelkez\u00e9s\u00fcnkre bocs\u00e1tott adatok Egyes szolg\u00e1ltat\u00e1saink ig\u00e9nybev\u00e9tel\u00e9hez felhaszn\u00e1l\u00f3inknak regisztr\u00e1ci\u00f3s k\u00e9rd\u0151\u00edvet kell kit\u00f6lteni\u00fck. A regisztr\u00e1ci\u00f3 sor\u00e1n keletkez\u0151 inform\u00e1ci\u00f3kat a legnagyobb k\u00f6r\u00fcltekint\u00e9ssel, szigor\u00faan bizalmasan kezelj\u00fck, azokhoz illet\u00e9ktelenek nem f\u00e9rhetnek hozz\u00e1. Az inform\u00e1ci\u00f3k megad\u00e1s\u00e1ra az\u00e9rt k\u00e9rj\u00fck felhaszn\u00e1l\u00f3inkat, hogy statisztikai adatokat nyerj\u00fcnk r\u00f3luk. [&hellip;]<\/p>\n","protected":false},"author":1,"featured_media":0,"parent":0,"menu_order":0,"comment_status":"closed","ping_status":"closed","template":"","meta":{"_acf_changed":false,"footnotes":""},"class_list":["post-578","page","type-page","status-publish","hentry"],"acf":[],"yoast_head":"<!-- This site is optimized with the Yoast SEO plugin v27.4 - https:\/\/yoast.com\/product\/yoast-seo-wordpress\/ -->\n<title>Adatkezel\u00e9si t\u00e1j\u00e9koztat\u00f3 - Seed<\/title>\n<meta name=\"robots\" content=\"index, follow, max-snippet:-1, max-image-preview:large, max-video-preview:-1\" \/>\n<link rel=\"canonical\" href=\"https:\/\/seed.hu\/en\/adatkezelesi-tajekoztato\/\" \/>\n<meta property=\"og:locale\" content=\"en_US\" \/>\n<meta property=\"og:type\" content=\"article\" \/>\n<meta property=\"og:title\" content=\"Adatkezel\u00e9si t\u00e1j\u00e9koztat\u00f3 - Seed\" \/>\n<meta property=\"og:description\" content=\"Nemzeti Adatv\u00e9delmi \u00e9s Inform\u00e1ci\u00f3szabads\u00e1g Hat\u00f3s\u00e1g (NAIH) nyilv\u00e1ntart\u00e1sba v\u00e9teli sz\u00e1munk:\u00a0NAIH-62149\/2013 Nyilatkozat a szem\u00e9lyes adatok v\u00e9delm\u00e9r\u0151l 1. Regisztr\u00e1ci\u00f3 sor\u00e1n rendelkez\u00e9s\u00fcnkre bocs\u00e1tott adatok Egyes szolg\u00e1ltat\u00e1saink ig\u00e9nybev\u00e9tel\u00e9hez felhaszn\u00e1l\u00f3inknak regisztr\u00e1ci\u00f3s k\u00e9rd\u0151\u00edvet kell kit\u00f6lteni\u00fck. A regisztr\u00e1ci\u00f3 sor\u00e1n keletkez\u0151 inform\u00e1ci\u00f3kat a legnagyobb k\u00f6r\u00fcltekint\u00e9ssel, szigor\u00faan bizalmasan kezelj\u00fck, azokhoz illet\u00e9ktelenek nem f\u00e9rhetnek hozz\u00e1. Az inform\u00e1ci\u00f3k megad\u00e1s\u00e1ra az\u00e9rt k\u00e9rj\u00fck felhaszn\u00e1l\u00f3inkat, hogy statisztikai adatokat nyerj\u00fcnk r\u00f3luk. [&hellip;]\" \/>\n<meta property=\"og:url\" content=\"https:\/\/seed.hu\/en\/adatkezelesi-tajekoztato\/\" \/>\n<meta property=\"og:site_name\" content=\"Seed\" \/>\n<meta name=\"twitter:card\" content=\"summary_large_image\" \/>\n<meta name=\"twitter:label1\" content=\"Est. reading time\" \/>\n\t<meta name=\"twitter:data1\" content=\"5 minutes\" \/>\n<script type=\"application\/ld+json\" class=\"yoast-schema-graph\">{\"@context\":\"https:\\\/\\\/schema.org\",\"@graph\":[{\"@type\":\"WebPage\",\"@id\":\"https:\\\/\\\/seed.hu\\\/en\\\/adatkezelesi-tajekoztato\\\/\",\"url\":\"https:\\\/\\\/seed.hu\\\/en\\\/adatkezelesi-tajekoztato\\\/\",\"name\":\"Adatkezel\u00e9si t\u00e1j\u00e9koztat\u00f3 - Seed\",\"isPartOf\":{\"@id\":\"https:\\\/\\\/seed.hu\\\/#website\"},\"datePublished\":\"2021-09-22T03:56:56+00:00\",\"inLanguage\":\"en-US\",\"potentialAction\":[{\"@type\":\"ReadAction\",\"target\":[\"https:\\\/\\\/seed.hu\\\/en\\\/adatkezelesi-tajekoztato\\\/\"]}]},{\"@type\":\"WebSite\",\"@id\":\"https:\\\/\\\/seed.hu\\\/#website\",\"url\":\"https:\\\/\\\/seed.hu\\\/\",\"name\":\"Seed\",\"description\":\"\",\"potentialAction\":[{\"@type\":\"SearchAction\",\"target\":{\"@type\":\"EntryPoint\",\"urlTemplate\":\"https:\\\/\\\/seed.hu\\\/?s={search_term_string}\"},\"query-input\":{\"@type\":\"PropertyValueSpecification\",\"valueRequired\":true,\"valueName\":\"search_term_string\"}}],\"inLanguage\":\"en-US\"}]}<\/script>\n<!-- \/ Yoast SEO plugin. -->","yoast_head_json":{"title":"Adatkezel\u00e9si t\u00e1j\u00e9koztat\u00f3 - Seed","robots":{"index":"index","follow":"follow","max-snippet":"max-snippet:-1","max-image-preview":"max-image-preview:large","max-video-preview":"max-video-preview:-1"},"canonical":"https:\/\/seed.hu\/en\/adatkezelesi-tajekoztato\/","og_locale":"en_US","og_type":"article","og_title":"Adatkezel\u00e9si t\u00e1j\u00e9koztat\u00f3 - Seed","og_description":"Nemzeti Adatv\u00e9delmi \u00e9s Inform\u00e1ci\u00f3szabads\u00e1g Hat\u00f3s\u00e1g (NAIH) nyilv\u00e1ntart\u00e1sba v\u00e9teli sz\u00e1munk:\u00a0NAIH-62149\/2013 Nyilatkozat a szem\u00e9lyes adatok v\u00e9delm\u00e9r\u0151l 1. Regisztr\u00e1ci\u00f3 sor\u00e1n rendelkez\u00e9s\u00fcnkre bocs\u00e1tott adatok Egyes szolg\u00e1ltat\u00e1saink ig\u00e9nybev\u00e9tel\u00e9hez felhaszn\u00e1l\u00f3inknak regisztr\u00e1ci\u00f3s k\u00e9rd\u0151\u00edvet kell kit\u00f6lteni\u00fck. A regisztr\u00e1ci\u00f3 sor\u00e1n keletkez\u0151 inform\u00e1ci\u00f3kat a legnagyobb k\u00f6r\u00fcltekint\u00e9ssel, szigor\u00faan bizalmasan kezelj\u00fck, azokhoz illet\u00e9ktelenek nem f\u00e9rhetnek hozz\u00e1. Az inform\u00e1ci\u00f3k megad\u00e1s\u00e1ra az\u00e9rt k\u00e9rj\u00fck felhaszn\u00e1l\u00f3inkat, hogy statisztikai adatokat nyerj\u00fcnk r\u00f3luk. [&hellip;]","og_url":"https:\/\/seed.hu\/en\/adatkezelesi-tajekoztato\/","og_site_name":"Seed","twitter_card":"summary_large_image","twitter_misc":{"Est. reading time":"5 minutes"},"schema":{"@context":"https:\/\/schema.org","@graph":[{"@type":"WebPage","@id":"https:\/\/seed.hu\/en\/adatkezelesi-tajekoztato\/","url":"https:\/\/seed.hu\/en\/adatkezelesi-tajekoztato\/","name":"Adatkezel\u00e9si t\u00e1j\u00e9koztat\u00f3 - Seed","isPartOf":{"@id":"https:\/\/seed.hu\/#website"},"datePublished":"2021-09-22T03:56:56+00:00","inLanguage":"en-US","potentialAction":[{"@type":"ReadAction","target":["https:\/\/seed.hu\/en\/adatkezelesi-tajekoztato\/"]}]},{"@type":"WebSite","@id":"https:\/\/seed.hu\/#website","url":"https:\/\/seed.hu\/","name":"Seed","description":"","potentialAction":[{"@type":"SearchAction","target":{"@type":"EntryPoint","urlTemplate":"https:\/\/seed.hu\/?s={search_term_string}"},"query-input":{"@type":"PropertyValueSpecification","valueRequired":true,"valueName":"search_term_string"}}],"inLanguage":"en-US"}]}},"_links":{"self":[{"href":"https:\/\/seed.hu\/en\/wp-json\/wp\/v2\/pages\/578","targetHints":{"allow":["GET"]}}],"collection":[{"href":"https:\/\/seed.hu\/en\/wp-json\/wp\/v2\/pages"}],"about":[{"href":"https:\/\/seed.hu\/en\/wp-json\/wp\/v2\/types\/page"}],"author":[{"embeddable":true,"href":"https:\/\/seed.hu\/en\/wp-json\/wp\/v2\/users\/1"}],"replies":[{"embeddable":true,"href":"https:\/\/seed.hu\/en\/wp-json\/wp\/v2\/comments?post=578"}],"version-history":[{"count":1,"href":"https:\/\/seed.hu\/en\/wp-json\/wp\/v2\/pages\/578\/revisions"}],"predecessor-version":[{"id":583,"href":"https:\/\/seed.hu\/en\/wp-json\/wp\/v2\/pages\/578\/revisions\/583"}],"wp:attachment":[{"href":"https:\/\/seed.hu\/en\/wp-json\/wp\/v2\/media?parent=578"}],"curies":[{"name":"wp","href":"https:\/\/api.w.org\/{rel}","templated":true}]}}