{"id":579,"date":"2021-09-22T05:56:38","date_gmt":"2021-09-22T03:56:38","guid":{"rendered":"https:\/\/seed.hu\/?page_id=579"},"modified":"2023-10-15T12:12:55","modified_gmt":"2023-10-15T10:12:55","slug":"a-tavmunka-is-legyen-teljes-erteku-old","status":"publish","type":"page","link":"https:\/\/seed.hu\/en\/a-tavmunka-is-legyen-teljes-erteku-old\/","title":{"rendered":"A t\u00e1vmunka is legyen teljes \u00e9rt\u00e9k\u0171!"},"content":{"rendered":"<p><em><strong>A hat\u00e9konys\u00e1gr\u00f3l a t\u00e1vmunk\u00e1val sem kell lemondani, s\u0151t fokozhatunk rajta!<\/strong><\/em><\/p>\n<p><strong>1 napos online workshop tartalma:<\/strong><\/p>\n<ul>\n<li><strong>Hogyan fogjunk hozz\u00e1?<\/strong><\/li>\n<li><strong>Kapcsolattart\u00e1s, feladatmegoszt\u00e1s, egy\u00fcttm\u0171k\u00f6d\u00e9s eszk\u00f6zei<\/strong><\/li>\n<li><strong>Dokumentumkezel\u00e9s<\/strong><\/li>\n<li><strong>Tud\u00e1smegoszt\u00e1s<\/strong><\/li>\n<li><strong>\u00d6szt\u00f6nz\u00e9s, ellen\u0151rz\u00e9s, \u00e9rt\u00e9kel\u00e9s<\/strong><\/li>\n<li><strong>Biztons\u00e1g, adatv\u00e9delem<\/strong><\/li>\n<\/ul>\n<p><u><strong>Id\u0151pont:<\/strong><\/u><br \/>\n<strong>k\u00f6vetkez\u0151 k\u00e9pz\u00e9si alkalom tervez\u00e9s alatt, k\u00e9pz\u00e9si nap: p\u00e9ntek 9:00 &#8211; 16:00<br \/>\nonline fel\u00fcleten\u00a0 t\u00f6bb friss\u00edt\u0151 sz\u00fcnettel, illetve egy hosszabb eb\u00e9dsz\u00fcnettel lehet tervezni.<\/strong><\/p>\n<p><strong>Jelentkez\u00e9si hat\u00e1rid\u0151:<\/strong><br \/>\n<strong><u>R\u00e9szv\u00e9teli d\u00edj:<\/u><br \/>\n35.000,-\u00a0+ \u00c1FA\/f\u0151<\/strong><\/p>\n<p>Az online workshopon legfeljebb 15 f\u0151 vehet r\u00e9szt, a l\u00e9tsz\u00e1mkeretet a be\u00e9rkezett jelentkez\u00e9sek sorrendj\u00e9ben folyamatosan t\u00f6ltj\u00fck fel.<\/p>\n<p>A jelentkez\u00e9si fel\u00fcleten megtal\u00e1lhat\u00f3 k\u00e9rd\u00e9ssorra kapott v\u00e1laszok alapj\u00e1n szak\u00e9rt\u0151nk felm\u00e9ri a jelentkez\u0151k tud\u00e1sszintj\u00e9t, ennek megfelel\u0151en m\u00e9g a k\u00e9pz\u00e9s el\u0151tt egy online tananyagot fogunk k\u00fcldeni, annak \u00e9rdek\u00e9ben, hogy a k\u00f6z\u00f6s munk\u00e1t ezzel is seg\u00edts\u00fck (alapfogalmak tiszt\u00e1z\u00e1sa, ism\u00e9tl\u00e9s a c\u00e9l). A jelentkez\u00e9si hat\u00e1rid\u0151 lej\u00e1rta, vagy a l\u00e9tsz\u00e1mkeret betelte ut\u00e1n emailben mindenkit \u00e9rtes\u00edt\u00fcnk.<\/p>\n<p>A k\u00e9pz\u00e9s megval\u00f3s\u00edt\u00e1s\u00e1t biztons\u00e1gi okokb\u00f3l az online t\u00e9rben szervezz\u00fck. Ehhez a ZOOM alkalmaz\u00e1st haszn\u00e1ljuk. Amennyiben technikai seg\u00edts\u00e9gre van sz\u00fcks\u00e9g k\u00e9szs\u00e9ggel \u00e1llunk rendelkez\u00e9sre, illetve a workshop el\u0151tt hasznos \u00fatmutat\u00f3t k\u00fcld\u00fcnk minden jelentkez\u0151nek.<\/p>\n<p>Az online workshopon val\u00f3 r\u00e9szv\u00e9telhez internet hozz\u00e1f\u00e9r\u00e9sre \u00e9s sz\u00e1m\u00edt\u00f3g\u00e9pre lesz sz\u00fcks\u00e9ge.<\/p>\n","protected":false},"excerpt":{"rendered":"<p>A hat\u00e9konys\u00e1gr\u00f3l a t\u00e1vmunk\u00e1val sem kell lemondani, s\u0151t fokozhatunk rajta! 1 napos online workshop tartalma: Hogyan fogjunk hozz\u00e1? Kapcsolattart\u00e1s, feladatmegoszt\u00e1s, egy\u00fcttm\u0171k\u00f6d\u00e9s eszk\u00f6zei Dokumentumkezel\u00e9s Tud\u00e1smegoszt\u00e1s \u00d6szt\u00f6nz\u00e9s, ellen\u0151rz\u00e9s, \u00e9rt\u00e9kel\u00e9s Biztons\u00e1g, adatv\u00e9delem Id\u0151pont: k\u00f6vetkez\u0151 k\u00e9pz\u00e9si alkalom tervez\u00e9s alatt, k\u00e9pz\u00e9si nap: p\u00e9ntek 9:00 &#8211; 16:00 online fel\u00fcleten\u00a0 t\u00f6bb friss\u00edt\u0151 sz\u00fcnettel, illetve egy hosszabb eb\u00e9dsz\u00fcnettel lehet tervezni. Jelentkez\u00e9si hat\u00e1rid\u0151: R\u00e9szv\u00e9teli [&hellip;]<\/p>\n","protected":false},"author":1,"featured_media":0,"parent":0,"menu_order":0,"comment_status":"closed","ping_status":"closed","template":"","meta":{"_acf_changed":false,"footnotes":""},"class_list":["post-579","page","type-page","status-publish","hentry"],"acf":[],"yoast_head":"<!-- This site is optimized with the Yoast SEO plugin v27.4 - https:\/\/yoast.com\/product\/yoast-seo-wordpress\/ -->\n<title>A t\u00e1vmunka is legyen teljes \u00e9rt\u00e9k\u0171! - Seed<\/title>\n<meta name=\"robots\" content=\"index, follow, max-snippet:-1, max-image-preview:large, max-video-preview:-1\" \/>\n<link rel=\"canonical\" href=\"https:\/\/seed.hu\/a-tavmunka-is-legyen-teljes-erteku-old\/\" \/>\n<meta property=\"og:locale\" content=\"en_US\" \/>\n<meta property=\"og:type\" content=\"article\" \/>\n<meta property=\"og:title\" content=\"A t\u00e1vmunka is legyen teljes \u00e9rt\u00e9k\u0171! - Seed\" \/>\n<meta property=\"og:description\" content=\"A hat\u00e9konys\u00e1gr\u00f3l a t\u00e1vmunk\u00e1val sem kell lemondani, s\u0151t fokozhatunk rajta! 1 napos online workshop tartalma: Hogyan fogjunk hozz\u00e1? Kapcsolattart\u00e1s, feladatmegoszt\u00e1s, egy\u00fcttm\u0171k\u00f6d\u00e9s eszk\u00f6zei Dokumentumkezel\u00e9s Tud\u00e1smegoszt\u00e1s \u00d6szt\u00f6nz\u00e9s, ellen\u0151rz\u00e9s, \u00e9rt\u00e9kel\u00e9s Biztons\u00e1g, adatv\u00e9delem Id\u0151pont: k\u00f6vetkez\u0151 k\u00e9pz\u00e9si alkalom tervez\u00e9s alatt, k\u00e9pz\u00e9si nap: p\u00e9ntek 9:00 &#8211; 16:00 online fel\u00fcleten\u00a0 t\u00f6bb friss\u00edt\u0151 sz\u00fcnettel, illetve egy hosszabb eb\u00e9dsz\u00fcnettel lehet tervezni. Jelentkez\u00e9si hat\u00e1rid\u0151: R\u00e9szv\u00e9teli [&hellip;]\" \/>\n<meta property=\"og:url\" content=\"https:\/\/seed.hu\/a-tavmunka-is-legyen-teljes-erteku-old\/\" \/>\n<meta property=\"og:site_name\" content=\"Seed\" \/>\n<meta property=\"article:modified_time\" content=\"2023-10-15T10:12:55+00:00\" \/>\n<meta name=\"twitter:card\" content=\"summary_large_image\" \/>\n<meta name=\"twitter:label1\" content=\"Est. reading time\" \/>\n\t<meta name=\"twitter:data1\" content=\"1 minute\" \/>\n<script type=\"application\/ld+json\" class=\"yoast-schema-graph\">{\"@context\":\"https:\\\/\\\/schema.org\",\"@graph\":[{\"@type\":\"WebPage\",\"@id\":\"https:\\\/\\\/seed.hu\\\/a-tavmunka-is-legyen-teljes-erteku-old\\\/\",\"url\":\"https:\\\/\\\/seed.hu\\\/a-tavmunka-is-legyen-teljes-erteku-old\\\/\",\"name\":\"A t\u00e1vmunka is legyen teljes \u00e9rt\u00e9k\u0171! - Seed\",\"isPartOf\":{\"@id\":\"https:\\\/\\\/seed.hu\\\/#website\"},\"datePublished\":\"2021-09-22T03:56:38+00:00\",\"dateModified\":\"2023-10-15T10:12:55+00:00\",\"inLanguage\":\"en-US\",\"potentialAction\":[{\"@type\":\"ReadAction\",\"target\":[\"https:\\\/\\\/seed.hu\\\/a-tavmunka-is-legyen-teljes-erteku-old\\\/\"]}]},{\"@type\":\"WebSite\",\"@id\":\"https:\\\/\\\/seed.hu\\\/#website\",\"url\":\"https:\\\/\\\/seed.hu\\\/\",\"name\":\"Seed\",\"description\":\"\",\"potentialAction\":[{\"@type\":\"SearchAction\",\"target\":{\"@type\":\"EntryPoint\",\"urlTemplate\":\"https:\\\/\\\/seed.hu\\\/?s={search_term_string}\"},\"query-input\":{\"@type\":\"PropertyValueSpecification\",\"valueRequired\":true,\"valueName\":\"search_term_string\"}}],\"inLanguage\":\"en-US\"}]}<\/script>\n<!-- \/ Yoast SEO plugin. -->","yoast_head_json":{"title":"A t\u00e1vmunka is legyen teljes \u00e9rt\u00e9k\u0171! - Seed","robots":{"index":"index","follow":"follow","max-snippet":"max-snippet:-1","max-image-preview":"max-image-preview:large","max-video-preview":"max-video-preview:-1"},"canonical":"https:\/\/seed.hu\/a-tavmunka-is-legyen-teljes-erteku-old\/","og_locale":"en_US","og_type":"article","og_title":"A t\u00e1vmunka is legyen teljes \u00e9rt\u00e9k\u0171! - Seed","og_description":"A hat\u00e9konys\u00e1gr\u00f3l a t\u00e1vmunk\u00e1val sem kell lemondani, s\u0151t fokozhatunk rajta! 1 napos online workshop tartalma: Hogyan fogjunk hozz\u00e1? Kapcsolattart\u00e1s, feladatmegoszt\u00e1s, egy\u00fcttm\u0171k\u00f6d\u00e9s eszk\u00f6zei Dokumentumkezel\u00e9s Tud\u00e1smegoszt\u00e1s \u00d6szt\u00f6nz\u00e9s, ellen\u0151rz\u00e9s, \u00e9rt\u00e9kel\u00e9s Biztons\u00e1g, adatv\u00e9delem Id\u0151pont: k\u00f6vetkez\u0151 k\u00e9pz\u00e9si alkalom tervez\u00e9s alatt, k\u00e9pz\u00e9si nap: p\u00e9ntek 9:00 &#8211; 16:00 online fel\u00fcleten\u00a0 t\u00f6bb friss\u00edt\u0151 sz\u00fcnettel, illetve egy hosszabb eb\u00e9dsz\u00fcnettel lehet tervezni. Jelentkez\u00e9si hat\u00e1rid\u0151: R\u00e9szv\u00e9teli [&hellip;]","og_url":"https:\/\/seed.hu\/a-tavmunka-is-legyen-teljes-erteku-old\/","og_site_name":"Seed","article_modified_time":"2023-10-15T10:12:55+00:00","twitter_card":"summary_large_image","twitter_misc":{"Est. reading time":"1 minute"},"schema":{"@context":"https:\/\/schema.org","@graph":[{"@type":"WebPage","@id":"https:\/\/seed.hu\/a-tavmunka-is-legyen-teljes-erteku-old\/","url":"https:\/\/seed.hu\/a-tavmunka-is-legyen-teljes-erteku-old\/","name":"A t\u00e1vmunka is legyen teljes \u00e9rt\u00e9k\u0171! - Seed","isPartOf":{"@id":"https:\/\/seed.hu\/#website"},"datePublished":"2021-09-22T03:56:38+00:00","dateModified":"2023-10-15T10:12:55+00:00","inLanguage":"en-US","potentialAction":[{"@type":"ReadAction","target":["https:\/\/seed.hu\/a-tavmunka-is-legyen-teljes-erteku-old\/"]}]},{"@type":"WebSite","@id":"https:\/\/seed.hu\/#website","url":"https:\/\/seed.hu\/","name":"Seed","description":"","potentialAction":[{"@type":"SearchAction","target":{"@type":"EntryPoint","urlTemplate":"https:\/\/seed.hu\/?s={search_term_string}"},"query-input":{"@type":"PropertyValueSpecification","valueRequired":true,"valueName":"search_term_string"}}],"inLanguage":"en-US"}]}},"_links":{"self":[{"href":"https:\/\/seed.hu\/en\/wp-json\/wp\/v2\/pages\/579","targetHints":{"allow":["GET"]}}],"collection":[{"href":"https:\/\/seed.hu\/en\/wp-json\/wp\/v2\/pages"}],"about":[{"href":"https:\/\/seed.hu\/en\/wp-json\/wp\/v2\/types\/page"}],"author":[{"embeddable":true,"href":"https:\/\/seed.hu\/en\/wp-json\/wp\/v2\/users\/1"}],"replies":[{"embeddable":true,"href":"https:\/\/seed.hu\/en\/wp-json\/wp\/v2\/comments?post=579"}],"version-history":[{"count":1,"href":"https:\/\/seed.hu\/en\/wp-json\/wp\/v2\/pages\/579\/revisions"}],"predecessor-version":[{"id":582,"href":"https:\/\/seed.hu\/en\/wp-json\/wp\/v2\/pages\/579\/revisions\/582"}],"wp:attachment":[{"href":"https:\/\/seed.hu\/en\/wp-json\/wp\/v2\/media?parent=579"}],"curies":[{"name":"wp","href":"https:\/\/api.w.org\/{rel}","templated":true}]}}