{"id":580,"date":"2021-09-22T05:56:19","date_gmt":"2021-09-22T03:56:19","guid":{"rendered":"https:\/\/seed.hu\/?page_id=580"},"modified":"2021-09-22T05:56:19","modified_gmt":"2021-09-22T03:56:19","slug":"a-hatekonysag-merheto","status":"publish","type":"page","link":"https:\/\/seed.hu\/en\/a-hatekonysag-merheto\/","title":{"rendered":"A hat\u00e9konys\u00e1g m\u00e9rhet\u0151!"},"content":{"rendered":"<p><em><strong>Eszk\u00f6z\u00f6k\u00a0\u00e9s m\u00e9rlegelend\u0151 k\u00f6r\u00fclm\u00e9nyek d\u00f6nt\u00e9shoz\u00f3knak<\/strong><\/em><\/p>\n<p><strong>1 napos online workshop, online t\u00e9rben<\/strong><\/p>\n<ul>\n<li><strong>L\u00e1that\u00f3s\u00e1g fontoss\u00e1ga<\/strong><\/li>\n<li><strong>Nem tervezett k\u00f6lts\u00e9gek<\/strong><\/li>\n<li><strong>Infokommunik\u00e1ci\u00f3<\/strong><\/li>\n<li><strong>Saj\u00e1t h\u00edrcsatorna<\/strong><\/li>\n<li><strong>\u00dczlet\u00e9l\u00e9nk\u00edt\u00e9s<\/strong><\/li>\n<li><strong>Hat\u00e9konys\u00e1g n\u00f6vel\u00e9se<\/strong><\/li>\n<li><strong>Mesters\u00e9ges intelligencia<\/strong><\/li>\n<\/ul>\n<p><strong><u>Id\u0151pont:<\/u>\u00a02020. j\u00fanius 10. 9:00 &#8211; 16:00<br \/>\n<u>Jelentkez\u00e9si hat\u00e1rid\u0151:<\/u>\u00a02020. j\u00fanius 7. 23:59<br \/>\n<u>R\u00e9szv\u00e9teli d\u00edj:<\/u>\u00a015.000,-\u00a0+ \u00c1fa<\/strong><\/p>\n<p>A jelentkez\u00e9si fel\u00fclet egy gyors, n\u00e9h\u00e1ny k\u00e9rd\u00e9sb\u0151l \u00e1ll\u00f3 el\u0151zetes tud\u00e1sszint felm\u00e9r\u00e9st is tartalmaz, melyre csoportdinamikai szempont miatt, valamint tr\u00e9ner\u00fcnk felk\u00e9sz\u00fcl\u00e9s\u00e9hez van sz\u00fcks\u00e9g.<\/p>\n<p>Az online workshopon val\u00f3 r\u00e9szv\u00e9telhez internet hozz\u00e1f\u00e9r\u00e9sre \u00e9s sz\u00e1m\u00edt\u00f3g\u00e9pre lesz sz\u00fcks\u00e9ge.<\/p>\n<p><a href=\"https:\/\/seed.hu\/kerdoiv\/jelentkezes-a-hatekonysag-merheto-ar-ertek-alapon-hozott-dontesek-workshopra\" target=\"_blank\" rel=\"noopener\"><img loading=\"lazy\" decoding=\"async\" src=\"https:\/\/seed.hu\/files\/resize\/attachments\/inline\/jelentkezes_1-110x42.png\" alt=\"\" width=\"110\" height=\"42\" \/><\/a><\/p>\n<hr \/>\n<p><strong><u>Kurzus c\u00e9lja:<\/u><\/strong>\u00a0A v\u00e1llalkoz\u00f3k d\u00f6nt\u00e9shoz\u00f3inak l\u00e1that\u00f3v\u00e1 tenni azokat az eszk\u00f6z\u00f6ket \u00e9s m\u00e9rlegelend\u0151<br \/>\nk\u00f6r\u00fclm\u00e9nyeket, melyet figyelembe v\u00e9ve tudatos, \u00e1r-\u00e9rt\u00e9k alap\u00fa d\u00f6nt\u00e9seket hozhatnak.<\/p>\n<p><strong><u>Tartalma:<\/u><\/strong><\/p>\n<p>a) A l\u00e1that\u00f3s\u00e1gunk p\u00e9nzbe ker\u00fcl, de nem mindegy, hogy mennyibe!<br \/>\n&#8211; Online marketing az infokommunik\u00e1ci\u00f3 n\u00e9z\u0151pontj\u00e1b\u00f3l,<br \/>\n&#8211; saj\u00e1t h\u00edrcsatorna fel\u00e9p\u00edt\u00e9se,<br \/>\n&#8211; honlap fel\u00e9p\u00edt\u00e9se, a tartalom-design-technol\u00f3gia h\u00e1rmasa,<br \/>\n&#8211; social media haszn\u00e1lata, visszam\u00e9r\u00e9s eszk\u00f6zei.<\/p>\n<p>b) \u00dczlet\u00e9l\u00e9nk\u00edt\u00e9s<br \/>\n&#8211; Adatb\u00e1zisok el\u00e9r\u00e9se, haszn\u00e1lhat\u00f3s\u00e1ga,<br \/>\n&#8211; Saj\u00e1t adatb\u00e1zis \u00e9p\u00edt\u00e9se, kiakn\u00e1z\u00e1sa,<\/p>\n<p>c) V\u00e1llalati folyamatok hat\u00e9konys\u00e1g\u00e1nak n\u00f6vel\u00e9se<br \/>\n&#8211; V\u00e1llalati ir\u00e1ny\u00edt\u00e1si rendszerek,<br \/>\n&#8211; Feladatkezel\u0151k,<br \/>\n&#8211; Folyamattervez\u00e9s \u00e9s folyamatmenedzsment eszk\u00f6zei,<br \/>\n&#8211; Dokumentumkezel\u00e9s,<br \/>\n&#8211; Term\u00e9kk\u00f6vet\u00e9s.<\/p>\n<p>d) Mesters\u00e9ges Intelligencia<br \/>\n&#8211; tartalma,<br \/>\n&#8211; felhaszn\u00e1l\u00e1si ter\u00fcletek,<br \/>\n&#8211; a v\u00e1rhat\u00f3 j\u00f6v\u0151?<\/p>\n","protected":false},"excerpt":{"rendered":"<p>Eszk\u00f6z\u00f6k\u00a0\u00e9s m\u00e9rlegelend\u0151 k\u00f6r\u00fclm\u00e9nyek d\u00f6nt\u00e9shoz\u00f3knak 1 napos online workshop, online t\u00e9rben L\u00e1that\u00f3s\u00e1g fontoss\u00e1ga Nem tervezett k\u00f6lts\u00e9gek Infokommunik\u00e1ci\u00f3 Saj\u00e1t h\u00edrcsatorna \u00dczlet\u00e9l\u00e9nk\u00edt\u00e9s Hat\u00e9konys\u00e1g n\u00f6vel\u00e9se Mesters\u00e9ges intelligencia Id\u0151pont:\u00a02020. j\u00fanius 10. 9:00 &#8211; 16:00 Jelentkez\u00e9si hat\u00e1rid\u0151:\u00a02020. j\u00fanius 7. 23:59 R\u00e9szv\u00e9teli d\u00edj:\u00a015.000,-\u00a0+ \u00c1fa A jelentkez\u00e9si fel\u00fclet egy gyors, n\u00e9h\u00e1ny k\u00e9rd\u00e9sb\u0151l \u00e1ll\u00f3 el\u0151zetes tud\u00e1sszint felm\u00e9r\u00e9st is tartalmaz, melyre csoportdinamikai szempont miatt, valamint [&hellip;]<\/p>\n","protected":false},"author":1,"featured_media":0,"parent":0,"menu_order":0,"comment_status":"closed","ping_status":"closed","template":"","meta":{"_acf_changed":false,"footnotes":""},"class_list":["post-580","page","type-page","status-publish","hentry"],"acf":[],"yoast_head":"<!-- This site is optimized with the Yoast SEO plugin v27.2 - https:\/\/yoast.com\/product\/yoast-seo-wordpress\/ -->\n<title>A hat\u00e9konys\u00e1g m\u00e9rhet\u0151! - Seed<\/title>\n<meta name=\"robots\" content=\"index, follow, max-snippet:-1, max-image-preview:large, max-video-preview:-1\" \/>\n<link rel=\"canonical\" href=\"https:\/\/seed.hu\/en\/a-hatekonysag-merheto\/\" \/>\n<meta property=\"og:locale\" content=\"en_US\" \/>\n<meta property=\"og:type\" content=\"article\" \/>\n<meta property=\"og:title\" content=\"A hat\u00e9konys\u00e1g m\u00e9rhet\u0151! - Seed\" \/>\n<meta property=\"og:description\" content=\"Eszk\u00f6z\u00f6k\u00a0\u00e9s m\u00e9rlegelend\u0151 k\u00f6r\u00fclm\u00e9nyek d\u00f6nt\u00e9shoz\u00f3knak 1 napos online workshop, online t\u00e9rben L\u00e1that\u00f3s\u00e1g fontoss\u00e1ga Nem tervezett k\u00f6lts\u00e9gek Infokommunik\u00e1ci\u00f3 Saj\u00e1t h\u00edrcsatorna \u00dczlet\u00e9l\u00e9nk\u00edt\u00e9s Hat\u00e9konys\u00e1g n\u00f6vel\u00e9se Mesters\u00e9ges intelligencia Id\u0151pont:\u00a02020. j\u00fanius 10. 9:00 &#8211; 16:00 Jelentkez\u00e9si hat\u00e1rid\u0151:\u00a02020. j\u00fanius 7. 23:59 R\u00e9szv\u00e9teli d\u00edj:\u00a015.000,-\u00a0+ \u00c1fa A jelentkez\u00e9si fel\u00fclet egy gyors, n\u00e9h\u00e1ny k\u00e9rd\u00e9sb\u0151l \u00e1ll\u00f3 el\u0151zetes tud\u00e1sszint felm\u00e9r\u00e9st is tartalmaz, melyre csoportdinamikai szempont miatt, valamint [&hellip;]\" \/>\n<meta property=\"og:url\" content=\"https:\/\/seed.hu\/en\/a-hatekonysag-merheto\/\" \/>\n<meta property=\"og:site_name\" content=\"Seed\" \/>\n<meta property=\"og:image\" content=\"https:\/\/seed.hu\/files\/resize\/attachments\/inline\/jelentkezes_1-110x42.png\" \/>\n<meta name=\"twitter:card\" content=\"summary_large_image\" \/>\n<meta name=\"twitter:label1\" content=\"Est. reading time\" \/>\n\t<meta name=\"twitter:data1\" content=\"2 minutes\" \/>\n<script type=\"application\/ld+json\" class=\"yoast-schema-graph\">{\"@context\":\"https:\/\/schema.org\",\"@graph\":[{\"@type\":\"WebPage\",\"@id\":\"https:\/\/seed.hu\/en\/a-hatekonysag-merheto\/\",\"url\":\"https:\/\/seed.hu\/en\/a-hatekonysag-merheto\/\",\"name\":\"A hat\u00e9konys\u00e1g m\u00e9rhet\u0151! - Seed\",\"isPartOf\":{\"@id\":\"https:\/\/seed.hu\/#website\"},\"primaryImageOfPage\":{\"@id\":\"https:\/\/seed.hu\/en\/a-hatekonysag-merheto\/#primaryimage\"},\"image\":{\"@id\":\"https:\/\/seed.hu\/en\/a-hatekonysag-merheto\/#primaryimage\"},\"thumbnailUrl\":\"https:\/\/seed.hu\/files\/resize\/attachments\/inline\/jelentkezes_1-110x42.png\",\"datePublished\":\"2021-09-22T03:56:19+00:00\",\"inLanguage\":\"en-US\",\"potentialAction\":[{\"@type\":\"ReadAction\",\"target\":[\"https:\/\/seed.hu\/en\/a-hatekonysag-merheto\/\"]}]},{\"@type\":\"ImageObject\",\"inLanguage\":\"en-US\",\"@id\":\"https:\/\/seed.hu\/en\/a-hatekonysag-merheto\/#primaryimage\",\"url\":\"https:\/\/seed.hu\/files\/resize\/attachments\/inline\/jelentkezes_1-110x42.png\",\"contentUrl\":\"https:\/\/seed.hu\/files\/resize\/attachments\/inline\/jelentkezes_1-110x42.png\"},{\"@type\":\"WebSite\",\"@id\":\"https:\/\/seed.hu\/#website\",\"url\":\"https:\/\/seed.hu\/\",\"name\":\"Seed\",\"description\":\"\",\"potentialAction\":[{\"@type\":\"SearchAction\",\"target\":{\"@type\":\"EntryPoint\",\"urlTemplate\":\"https:\/\/seed.hu\/?s={search_term_string}\"},\"query-input\":{\"@type\":\"PropertyValueSpecification\",\"valueRequired\":true,\"valueName\":\"search_term_string\"}}],\"inLanguage\":\"en-US\"}]}<\/script>\n<!-- \/ Yoast SEO plugin. -->","yoast_head_json":{"title":"A hat\u00e9konys\u00e1g m\u00e9rhet\u0151! - Seed","robots":{"index":"index","follow":"follow","max-snippet":"max-snippet:-1","max-image-preview":"max-image-preview:large","max-video-preview":"max-video-preview:-1"},"canonical":"https:\/\/seed.hu\/en\/a-hatekonysag-merheto\/","og_locale":"en_US","og_type":"article","og_title":"A hat\u00e9konys\u00e1g m\u00e9rhet\u0151! - Seed","og_description":"Eszk\u00f6z\u00f6k\u00a0\u00e9s m\u00e9rlegelend\u0151 k\u00f6r\u00fclm\u00e9nyek d\u00f6nt\u00e9shoz\u00f3knak 1 napos online workshop, online t\u00e9rben L\u00e1that\u00f3s\u00e1g fontoss\u00e1ga Nem tervezett k\u00f6lts\u00e9gek Infokommunik\u00e1ci\u00f3 Saj\u00e1t h\u00edrcsatorna \u00dczlet\u00e9l\u00e9nk\u00edt\u00e9s Hat\u00e9konys\u00e1g n\u00f6vel\u00e9se Mesters\u00e9ges intelligencia Id\u0151pont:\u00a02020. j\u00fanius 10. 9:00 &#8211; 16:00 Jelentkez\u00e9si hat\u00e1rid\u0151:\u00a02020. j\u00fanius 7. 23:59 R\u00e9szv\u00e9teli d\u00edj:\u00a015.000,-\u00a0+ \u00c1fa A jelentkez\u00e9si fel\u00fclet egy gyors, n\u00e9h\u00e1ny k\u00e9rd\u00e9sb\u0151l \u00e1ll\u00f3 el\u0151zetes tud\u00e1sszint felm\u00e9r\u00e9st is tartalmaz, melyre csoportdinamikai szempont miatt, valamint [&hellip;]","og_url":"https:\/\/seed.hu\/en\/a-hatekonysag-merheto\/","og_site_name":"Seed","og_image":[{"url":"https:\/\/seed.hu\/files\/resize\/attachments\/inline\/jelentkezes_1-110x42.png","type":"","width":"","height":""}],"twitter_card":"summary_large_image","twitter_misc":{"Est. reading time":"2 minutes"},"schema":{"@context":"https:\/\/schema.org","@graph":[{"@type":"WebPage","@id":"https:\/\/seed.hu\/en\/a-hatekonysag-merheto\/","url":"https:\/\/seed.hu\/en\/a-hatekonysag-merheto\/","name":"A hat\u00e9konys\u00e1g m\u00e9rhet\u0151! - Seed","isPartOf":{"@id":"https:\/\/seed.hu\/#website"},"primaryImageOfPage":{"@id":"https:\/\/seed.hu\/en\/a-hatekonysag-merheto\/#primaryimage"},"image":{"@id":"https:\/\/seed.hu\/en\/a-hatekonysag-merheto\/#primaryimage"},"thumbnailUrl":"https:\/\/seed.hu\/files\/resize\/attachments\/inline\/jelentkezes_1-110x42.png","datePublished":"2021-09-22T03:56:19+00:00","inLanguage":"en-US","potentialAction":[{"@type":"ReadAction","target":["https:\/\/seed.hu\/en\/a-hatekonysag-merheto\/"]}]},{"@type":"ImageObject","inLanguage":"en-US","@id":"https:\/\/seed.hu\/en\/a-hatekonysag-merheto\/#primaryimage","url":"https:\/\/seed.hu\/files\/resize\/attachments\/inline\/jelentkezes_1-110x42.png","contentUrl":"https:\/\/seed.hu\/files\/resize\/attachments\/inline\/jelentkezes_1-110x42.png"},{"@type":"WebSite","@id":"https:\/\/seed.hu\/#website","url":"https:\/\/seed.hu\/","name":"Seed","description":"","potentialAction":[{"@type":"SearchAction","target":{"@type":"EntryPoint","urlTemplate":"https:\/\/seed.hu\/?s={search_term_string}"},"query-input":{"@type":"PropertyValueSpecification","valueRequired":true,"valueName":"search_term_string"}}],"inLanguage":"en-US"}]}},"_links":{"self":[{"href":"https:\/\/seed.hu\/en\/wp-json\/wp\/v2\/pages\/580","targetHints":{"allow":["GET"]}}],"collection":[{"href":"https:\/\/seed.hu\/en\/wp-json\/wp\/v2\/pages"}],"about":[{"href":"https:\/\/seed.hu\/en\/wp-json\/wp\/v2\/types\/page"}],"author":[{"embeddable":true,"href":"https:\/\/seed.hu\/en\/wp-json\/wp\/v2\/users\/1"}],"replies":[{"embeddable":true,"href":"https:\/\/seed.hu\/en\/wp-json\/wp\/v2\/comments?post=580"}],"version-history":[{"count":1,"href":"https:\/\/seed.hu\/en\/wp-json\/wp\/v2\/pages\/580\/revisions"}],"predecessor-version":[{"id":581,"href":"https:\/\/seed.hu\/en\/wp-json\/wp\/v2\/pages\/580\/revisions\/581"}],"wp:attachment":[{"href":"https:\/\/seed.hu\/en\/wp-json\/wp\/v2\/media?parent=580"}],"curies":[{"name":"wp","href":"https:\/\/api.w.org\/{rel}","templated":true}]}}